{"id":125,"date":"2023-08-07T13:23:15","date_gmt":"2023-08-07T13:23:15","guid":{"rendered":"https:\/\/parissquash2023.com\/?page_id=125"},"modified":"2023-08-12T21:07:23","modified_gmt":"2023-08-12T21:07:23","slug":"paris-squash-2023-latest","status":"publish","type":"page","link":"https:\/\/parissquash2023.com\/fr","title":{"rendered":"PARIS SQUASH 2023 (FR)"},"content":{"rendered":"<div class=\"wp-block-themezee-magazine-blocks-list tz-magazine-block\"><div class=\"tz-magazine-list tz-magazine-list-50-50\"><div class=\"tz-post-wrap\"><article id=\"post-195\" class=\"tz-magazine-post post-195 post tz-type-post status-publish format-standard has-post-thumbnail hentry category-news comments-off\"><div class=\"tz-post-image\"><figure class=\"tz-entry-image entry-image\"><a href=\"https:\/\/parissquash2023.com\/fr\/tic-tac-tic-tac-paris-squash-2023-sapproche\" rel=\"bookmark\"><img loading=\"lazy\" decoding=\"async\" width=\"225\" height=\"225\" src=\"https:\/\/i0.wp.com\/parissquash2023.com\/wp-content\/uploads\/2023\/08\/images.jpeg?fit=225%2C225&amp;ssl=1\" class=\"attachment-full size-full wp-post-image\" alt=\"\" srcset=\"https:\/\/i0.wp.com\/parissquash2023.com\/wp-content\/uploads\/2023\/08\/images.jpeg?w=225&amp;ssl=1 225w, https:\/\/i0.wp.com\/parissquash2023.com\/wp-content\/uploads\/2023\/08\/images.jpeg?resize=175%2C175&amp;ssl=1 175w, https:\/\/i0.wp.com\/parissquash2023.com\/wp-content\/uploads\/2023\/08\/images.jpeg?resize=50%2C50&amp;ssl=1 50w\" sizes=\"auto, (max-width: 225px) 100vw, 225px\" data-attachment-id=\"200\" data-permalink=\"https:\/\/parissquash2023.com\/fr\/tic-tac-tic-tac-paris-squash-2023-sapproche\/images\" data-orig-file=\"https:\/\/i0.wp.com\/parissquash2023.com\/wp-content\/uploads\/2023\/08\/images.jpeg?fit=225%2C225&amp;ssl=1\" data-orig-size=\"225,225\" data-comments-opened=\"0\" data-image-meta=\"{&quot;aperture&quot;:&quot;0&quot;,&quot;credit&quot;:&quot;&quot;,&quot;camera&quot;:&quot;&quot;,&quot;caption&quot;:&quot;&quot;,&quot;created_timestamp&quot;:&quot;0&quot;,&quot;copyright&quot;:&quot;&quot;,&quot;focal_length&quot;:&quot;0&quot;,&quot;iso&quot;:&quot;0&quot;,&quot;shutter_speed&quot;:&quot;0&quot;,&quot;title&quot;:&quot;&quot;,&quot;orientation&quot;:&quot;0&quot;}\" data-image-title=\"images\" data-image-description=\"\" data-image-caption=\"\" data-medium-file=\"https:\/\/i0.wp.com\/parissquash2023.com\/wp-content\/uploads\/2023\/08\/images.jpeg?fit=225%2C225&amp;ssl=1\" data-large-file=\"https:\/\/i0.wp.com\/parissquash2023.com\/wp-content\/uploads\/2023\/08\/images.jpeg?fit=225%2C225&amp;ssl=1\" \/><\/a><\/figure><\/div><div class=\"tz-post-content\"><header class=\"tz-entry-header entry-header\"><div class=\"tz-entry-meta entry-meta\"><span class=\"tz-meta-date meta-date tz-meta-field\"><a href=\"https:\/\/parissquash2023.com\/fr\/tic-tac-tic-tac-paris-squash-2023-sapproche\" title=\"8:53 pm\" rel=\"bookmark\"><time class=\"published updated\" datetime=\"2023-08-12T20:53:59+00:00\">ao\u00fbt 12, 2023<\/time><\/a><\/span><\/div><h2 class=\"tz-entry-title entry-title\"><a href=\"https:\/\/parissquash2023.com\/fr\/tic-tac-tic-tac-paris-squash-2023-sapproche\" rel=\"bookmark\">Tic, Tac, Tic, Tac&#8230; Paris Squash 2023 s&rsquo;approche!<\/a><\/h2><\/header><div class=\"tz-entry-content entry-content\"><p>Plus que 15 jours avant le d\u00e9but de la comp\u00e9tition&#8230; plus que quelques places disponibles&#8230; le programme des r\u00e9jouissances&#8230; <span class=\"tz-excerpt-more\">[&hellip;]<\/span><\/p><\/div><\/div><\/article><\/div><div class=\"tz-post-wrap\"><article id=\"post-192\" class=\"tz-magazine-post post-192 post tz-type-post status-publish format-standard has-post-thumbnail hentry category-news comments-off\"><div class=\"tz-post-image\"><figure class=\"tz-entry-image entry-image\"><a href=\"https:\/\/parissquash2023.com\/fr\/paris-squash-2023-ou-la-naissance-dun-projet-un-peu-fou\" rel=\"bookmark\"><img loading=\"lazy\" decoding=\"async\" width=\"2000\" height=\"1333\" src=\"https:\/\/i0.wp.com\/parissquash2023.com\/wp-content\/uploads\/2023\/08\/Photo-4.jpg?fit=2000%2C1333&amp;ssl=1\" class=\"attachment-full size-full wp-post-image\" alt=\"\" srcset=\"https:\/\/i0.wp.com\/parissquash2023.com\/wp-content\/uploads\/2023\/08\/Photo-4.jpg?w=2000&amp;ssl=1 2000w, https:\/\/i0.wp.com\/parissquash2023.com\/wp-content\/uploads\/2023\/08\/Photo-4.jpg?resize=350%2C233&amp;ssl=1 350w, https:\/\/i0.wp.com\/parissquash2023.com\/wp-content\/uploads\/2023\/08\/Photo-4.jpg?resize=1200%2C800&amp;ssl=1 1200w, https:\/\/i0.wp.com\/parissquash2023.com\/wp-content\/uploads\/2023\/08\/Photo-4.jpg?resize=768%2C512&amp;ssl=1 768w, https:\/\/i0.wp.com\/parissquash2023.com\/wp-content\/uploads\/2023\/08\/Photo-4.jpg?resize=1536%2C1024&amp;ssl=1 1536w, https:\/\/i0.wp.com\/parissquash2023.com\/wp-content\/uploads\/2023\/08\/Photo-4.jpg?w=1820&amp;ssl=1 1820w\" sizes=\"auto, (max-width: 910px) 100vw, 910px\" data-attachment-id=\"176\" data-permalink=\"https:\/\/parissquash2023.com\/fr\/how-paris-squash-2023-was-born\/photo-4\" data-orig-file=\"https:\/\/i0.wp.com\/parissquash2023.com\/wp-content\/uploads\/2023\/08\/Photo-4.jpg?fit=2000%2C1333&amp;ssl=1\" data-orig-size=\"2000,1333\" data-comments-opened=\"0\" data-image-meta=\"{&quot;aperture&quot;:&quot;16&quot;,&quot;credit&quot;:&quot;&quot;,&quot;camera&quot;:&quot;Canon EOS 5D Mark II&quot;,&quot;caption&quot;:&quot;&quot;,&quot;created_timestamp&quot;:&quot;1337212800&quot;,&quot;copyright&quot;:&quot;&quot;,&quot;focal_length&quot;:&quot;17&quot;,&quot;iso&quot;:&quot;800&quot;,&quot;shutter_speed&quot;:&quot;6&quot;,&quot;title&quot;:&quot;&quot;,&quot;orientation&quot;:&quot;1&quot;}\" data-image-title=\"Photo 4\" data-image-description=\"\" data-image-caption=\"\" data-medium-file=\"https:\/\/i0.wp.com\/parissquash2023.com\/wp-content\/uploads\/2023\/08\/Photo-4.jpg?fit=350%2C233&amp;ssl=1\" data-large-file=\"https:\/\/i0.wp.com\/parissquash2023.com\/wp-content\/uploads\/2023\/08\/Photo-4.jpg?fit=910%2C607&amp;ssl=1\" \/><\/a><\/figure><\/div><div class=\"tz-post-content\"><header class=\"tz-entry-header entry-header\"><div class=\"tz-entry-meta entry-meta\"><span class=\"tz-meta-date meta-date tz-meta-field\"><a href=\"https:\/\/parissquash2023.com\/fr\/paris-squash-2023-ou-la-naissance-dun-projet-un-peu-fou\" title=\"8:28 pm\" rel=\"bookmark\"><time class=\"published updated\" datetime=\"2023-08-12T20:28:03+00:00\">ao\u00fbt 12, 2023<\/time><\/a><\/span><\/div><h2 class=\"tz-entry-title entry-title\"><a href=\"https:\/\/parissquash2023.com\/fr\/paris-squash-2023-ou-la-naissance-dun-projet-un-peu-fou\" rel=\"bookmark\">Paris Squash 2023, ou la Naissance d&rsquo;un projet un peu fou<\/a><\/h2><\/header><div class=\"tz-entry-content entry-content\"><p>Un Article de J\u00e9r\u00f4me Elha\u00efk pour vous pr\u00e9senter l&#039;\u00e9nergie cr\u00e9atrice du tournoi&#8230;. <span class=\"tz-excerpt-more\">[&hellip;]<\/span><\/p><\/div><\/div><\/article><\/div><div class=\"tz-post-wrap\"><article id=\"post-107\" class=\"tz-magazine-post post-107 post tz-type-post status-publish format-standard has-post-thumbnail hentry category-news tag-intro tag-palais-de-tokyo tag-psa comments-off\"><div class=\"tz-post-image\"><figure class=\"tz-entry-image entry-image\"><a href=\"https:\/\/parissquash2023.com\/fr\/the-draws-are-here\" rel=\"bookmark\"><img loading=\"lazy\" decoding=\"async\" width=\"1110\" height=\"598\" src=\"https:\/\/i0.wp.com\/parissquash2023.com\/wp-content\/uploads\/2023\/07\/Screenshot-2023-08-07-143814.png?fit=1110%2C598&amp;ssl=1\" class=\"attachment-full size-full wp-post-image\" alt=\"\" srcset=\"https:\/\/i0.wp.com\/parissquash2023.com\/wp-content\/uploads\/2023\/07\/Screenshot-2023-08-07-143814.png?w=1110&amp;ssl=1 1110w, https:\/\/i0.wp.com\/parissquash2023.com\/wp-content\/uploads\/2023\/07\/Screenshot-2023-08-07-143814.png?resize=350%2C189&amp;ssl=1 350w, https:\/\/i0.wp.com\/parissquash2023.com\/wp-content\/uploads\/2023\/07\/Screenshot-2023-08-07-143814.png?resize=768%2C414&amp;ssl=1 768w\" sizes=\"auto, (max-width: 910px) 100vw, 910px\" data-attachment-id=\"100\" data-permalink=\"https:\/\/parissquash2023.com\/fr\/the-draws-are-here\/screenshot-2023-08-07-143814-2\" data-orig-file=\"https:\/\/i0.wp.com\/parissquash2023.com\/wp-content\/uploads\/2023\/07\/Screenshot-2023-08-07-143814.png?fit=1110%2C598&amp;ssl=1\" data-orig-size=\"1110,598\" data-comments-opened=\"0\" data-image-meta=\"{&quot;aperture&quot;:&quot;0&quot;,&quot;credit&quot;:&quot;&quot;,&quot;camera&quot;:&quot;&quot;,&quot;caption&quot;:&quot;&quot;,&quot;created_timestamp&quot;:&quot;0&quot;,&quot;copyright&quot;:&quot;&quot;,&quot;focal_length&quot;:&quot;0&quot;,&quot;iso&quot;:&quot;0&quot;,&quot;shutter_speed&quot;:&quot;0&quot;,&quot;title&quot;:&quot;&quot;,&quot;orientation&quot;:&quot;0&quot;}\" data-image-title=\"Screenshot 2023-08-07 143814\" data-image-description=\"\" data-image-caption=\"\" data-medium-file=\"https:\/\/i0.wp.com\/parissquash2023.com\/wp-content\/uploads\/2023\/07\/Screenshot-2023-08-07-143814.png?fit=350%2C189&amp;ssl=1\" data-large-file=\"https:\/\/i0.wp.com\/parissquash2023.com\/wp-content\/uploads\/2023\/07\/Screenshot-2023-08-07-143814.png?fit=910%2C490&amp;ssl=1\" \/><\/a><\/figure><\/div><div class=\"tz-post-content\"><header class=\"tz-entry-header entry-header\"><div class=\"tz-entry-meta entry-meta\"><span class=\"tz-meta-date meta-date tz-meta-field\"><a href=\"https:\/\/parissquash2023.com\/fr\/the-draws-are-here\" title=\"1:35 pm\" rel=\"bookmark\"><time class=\"published updated\" datetime=\"2023-07-24T13:35:07+00:00\">juillet 24, 2023<\/time><\/a><\/span><\/div><h2 class=\"tz-entry-title entry-title\"><a href=\"https:\/\/parissquash2023.com\/fr\/the-draws-are-here\" rel=\"bookmark\">Les Tableaux sont sortis!<\/a><\/h2><\/header><div class=\"tz-entry-content entry-content\"><p>Les num\u00e9ros un mondiaux Ali Farag et Nouran Gohar d\u00e9buteront leur saison 2023-24 du PSA World Tour en t\u00eate d\u2019affiche de l\u2019inaugural Paris Squash 2023 <span class=\"tz-excerpt-more\">[&hellip;]<\/span><\/p><\/div><\/div><\/article><\/div><div class=\"tz-post-wrap\"><article id=\"post-133\" class=\"tz-magazine-post post-133 post tz-type-post status-publish format-standard has-post-thumbnail hentry category-news tag-ella-galova tag-kara-lincou comments-off\"><div class=\"tz-post-image\"><figure class=\"tz-entry-image entry-image\"><a href=\"https:\/\/parissquash2023.com\/fr\/paris-squash-womens-wildcard\" rel=\"bookmark\"><img loading=\"lazy\" decoding=\"async\" width=\"747\" height=\"467\" src=\"https:\/\/i0.wp.com\/parissquash2023.com\/wp-content\/uploads\/2023\/08\/Screenshot-2023-08-07-143321.png?fit=747%2C467&amp;ssl=1\" class=\"attachment-full size-full wp-post-image\" alt=\"\" srcset=\"https:\/\/i0.wp.com\/parissquash2023.com\/wp-content\/uploads\/2023\/08\/Screenshot-2023-08-07-143321.png?w=747&amp;ssl=1 747w, https:\/\/i0.wp.com\/parissquash2023.com\/wp-content\/uploads\/2023\/08\/Screenshot-2023-08-07-143321.png?resize=350%2C219&amp;ssl=1 350w\" sizes=\"auto, (max-width: 747px) 100vw, 747px\" data-attachment-id=\"99\" data-permalink=\"https:\/\/parissquash2023.com\/fr\/paris-squash-womens-wildcard\/screenshot-2023-08-07-143321-2\" data-orig-file=\"https:\/\/i0.wp.com\/parissquash2023.com\/wp-content\/uploads\/2023\/08\/Screenshot-2023-08-07-143321.png?fit=747%2C467&amp;ssl=1\" data-orig-size=\"747,467\" data-comments-opened=\"0\" data-image-meta=\"{&quot;aperture&quot;:&quot;0&quot;,&quot;credit&quot;:&quot;&quot;,&quot;camera&quot;:&quot;&quot;,&quot;caption&quot;:&quot;&quot;,&quot;created_timestamp&quot;:&quot;0&quot;,&quot;copyright&quot;:&quot;&quot;,&quot;focal_length&quot;:&quot;0&quot;,&quot;iso&quot;:&quot;0&quot;,&quot;shutter_speed&quot;:&quot;0&quot;,&quot;title&quot;:&quot;&quot;,&quot;orientation&quot;:&quot;0&quot;}\" data-image-title=\"Screenshot 2023-08-07 143321\" data-image-description=\"\" data-image-caption=\"\" data-medium-file=\"https:\/\/i0.wp.com\/parissquash2023.com\/wp-content\/uploads\/2023\/08\/Screenshot-2023-08-07-143321.png?fit=350%2C219&amp;ssl=1\" data-large-file=\"https:\/\/i0.wp.com\/parissquash2023.com\/wp-content\/uploads\/2023\/08\/Screenshot-2023-08-07-143321.png?fit=747%2C467&amp;ssl=1\" \/><\/a><\/figure><\/div><div class=\"tz-post-content\"><header class=\"tz-entry-header entry-header\"><div class=\"tz-entry-meta entry-meta\"><span class=\"tz-meta-date meta-date tz-meta-field\"><a href=\"https:\/\/parissquash2023.com\/fr\/paris-squash-womens-wildcard\" title=\"1:31 pm\" rel=\"bookmark\"><time class=\"published updated\" datetime=\"2023-06-28T13:31:54+00:00\">juin 28, 2023<\/time><\/a><\/span><\/div><h2 class=\"tz-entry-title entry-title\"><a href=\"https:\/\/parissquash2023.com\/fr\/paris-squash-womens-wildcard\" rel=\"bookmark\">Et c&rsquo;est Ella Galova qui remporte la Wild Card, 12\/10 au 5e&#8230;<\/a><\/h2><\/header><div class=\"tz-entry-content entry-content\"><p>Un tournoi qualifificatif pour la place de WildCard &#8230; Ella remporte le tournoi, 11\/9 au 5\u00e8me devant Kara&#8230; <span class=\"tz-excerpt-more\">[&hellip;]<\/span><\/p><\/div><\/div><\/article><\/div><\/div><\/div>","protected":false},"excerpt":{"rendered":"","protected":false},"author":1,"featured_media":0,"parent":0,"menu_order":0,"comment_status":"closed","ping_status":"closed","template":"","meta":{"jetpack_post_was_ever_published":false,"footnotes":""},"class_list":["post-125","page","type-page","status-publish","hentry","comments-off"],"_links":{"self":[{"href":"https:\/\/parissquash2023.com\/fr\/wp-json\/wp\/v2\/pages\/125","targetHints":{"allow":["GET"]}}],"collection":[{"href":"https:\/\/parissquash2023.com\/fr\/wp-json\/wp\/v2\/pages"}],"about":[{"href":"https:\/\/parissquash2023.com\/fr\/wp-json\/wp\/v2\/types\/page"}],"author":[{"embeddable":true,"href":"https:\/\/parissquash2023.com\/fr\/wp-json\/wp\/v2\/users\/1"}],"replies":[{"embeddable":true,"href":"https:\/\/parissquash2023.com\/fr\/wp-json\/wp\/v2\/comments?post=125"}],"version-history":[{"count":4,"href":"https:\/\/parissquash2023.com\/fr\/wp-json\/wp\/v2\/pages\/125\/revisions"}],"predecessor-version":[{"id":203,"href":"https:\/\/parissquash2023.com\/fr\/wp-json\/wp\/v2\/pages\/125\/revisions\/203"}],"wp:attachment":[{"href":"https:\/\/parissquash2023.com\/fr\/wp-json\/wp\/v2\/media?parent=125"}],"curies":[{"name":"wp","href":"https:\/\/api.w.org\/{rel}","templated":true}]}}