{"id":111,"date":"2023-08-07T13:21:07","date_gmt":"2023-08-07T13:21:07","guid":{"rendered":"https:\/\/parissquash2023.com\/?page_id=111"},"modified":"2023-08-10T18:30:51","modified_gmt":"2023-08-10T18:30:51","slug":"info","status":"publish","type":"page","link":"https:\/\/parissquash2023.com\/fr\/info","title":{"rendered":"INFOS"},"content":{"rendered":"<p class=\"font_9 wixui-rich-text__text\"><span class=\"wixui-rich-text__text\">L\u2019association professionnelle de squash (PSA), organise et dirige le squash professionnel masculin et f\u00e9minin dans le monde.<\/span><\/p>\n<p class=\"font_9 wixui-rich-text__text\"><span class=\"wixui-rich-text__text\">Le World Tour et le Challenger tour sont les deux circuits administr\u00e9s par la PSA.<\/span><\/p>\n<p class=\"font_9 wixui-rich-text__text\"><span class=\"wixui-rich-text__text\">Le World Tour concerne les meilleurs joueurs et joueuses du monde. Les courts vitr\u00e9s montables et d\u00e9montables, permettent d\u2019organiser des tournois dans les endroits les plus iconiques du monde comme les pyramides d\u2019\u00c9gypte, le Bund de Shanghai, la gare centrale de New-York, la baie de Hong-Kong\u2026<\/span><\/p>\n<p class=\"font_9 wixui-rich-text__text\"><span class=\"wixui-rich-text__text\">Le Paris Squash 2023 ne d\u00e9roge pas \u00e0 cette r\u00e8gle et est organis\u00e9 sur le parvis du Palais de Tokyo, devant la tour Eiffel, pour la 1\u00e8re fois.<\/span><\/p>\n<p class=\"font_9 wixui-rich-text__text\"><span class=\"wixui-rich-text__text\">Il s\u2019agit d\u2019un Platinium, le plus haut niveau du PSA World Tour qui concerne les meilleurs joueurs du monde et offre la comp\u00e9tition la plus exigeante et la plus passionnante avec des tableaux de 48 joueuses et 48 joueurs durant 7 jours.<\/span><\/p>\n<p class=\"font_9 wixui-rich-text__text\"><span class=\"wixui-rich-text__text\">Les 1ers tours auront lieu d\u00e8s le 27 ao\u00fbt sur les 4 sites de la comp\u00e9tition.<\/span><\/p>\n<ul>\n<li class=\"font_9 wixui-rich-text__text\"><span class=\"wixui-rich-text__text\">\u00a0Le court vitr\u00e9 sur le Parvis du Palais de Tokyo<\/span><\/li>\n<li class=\"font_9 wixui-rich-text__text\"><span class=\"wixui-rich-text__text\">\u00a0Le club de Montmartre<\/span><\/li>\n<li class=\"font_9 wixui-rich-text__text\"><span class=\"wixui-rich-text__text\">\u00a0Le club du Jeu de Paume de Paris<\/span><\/li>\n<li class=\"font_9 wixui-rich-text__text\"><span class=\"wixui-rich-text__text\">\u00a0Le Stade Fran\u00e7ais<\/span><\/li>\n<\/ul>\n<p class=\"font_9 wixui-rich-text__text\"><span class=\"wixui-rich-text__text\">Le Paris Squash 2023 est n\u00e9 de la passion pour notre discipline et du r\u00eave d\u2019\u00ab un joueur du dimanche \u00bb comme aime bien se d\u00e9finir son initiateur \u00c9ric Nizard.<\/span><\/p>\n<p class=\"font_9 wixui-rich-text__text\"><span class=\"wixui-rich-text__text\">Il a su tr\u00e8s vite s\u2019entourer de professionnels et d\u2019autres passionn\u00e9s qui l\u2019ont suivi dans l\u2019aventure.\u00a0<\/span><\/p>\n<p class=\"font_9 wixui-rich-text__text\"><span class=\"wixui-rich-text__text\">\u00c0 l\u2019image d\u2019un match de squash au plus haut niveau, l\u2019\u00e9quipe de Paris Squash Project (PSP) a cru en elle et a redoubl\u00e9 d\u2019efforts pour vous offrir un spectacle unique dans un lieu iconique !<\/span><\/p>\n<p><img loading=\"lazy\" decoding=\"async\" class=\"alignnone size-full wp-image-65\" src=\"https:\/\/i0.wp.com\/parissquash2023.com\/wp-content\/uploads\/2023\/08\/Screenshot-2023-08-07-144618.png?resize=549%2C190&#038;ssl=1\" alt=\"\" width=\"549\" height=\"190\" srcset=\"https:\/\/i0.wp.com\/parissquash2023.com\/wp-content\/uploads\/2023\/08\/Screenshot-2023-08-07-144618.png?w=549&amp;ssl=1 549w, https:\/\/i0.wp.com\/parissquash2023.com\/wp-content\/uploads\/2023\/08\/Screenshot-2023-08-07-144618.png?resize=350%2C121&amp;ssl=1 350w\" sizes=\"auto, (max-width: 549px) 100vw, 549px\" data-recalc-dims=\"1\" \/><\/p>\n<div class=\"\" data-mesh-id=\"comp-lfiaa0jzinlineContent\" data-testid=\"inline-content\">\n<div data-mesh-id=\"comp-lfiaa0jzinlineContent-gridContainer\" data-testid=\"mesh-container-content\">\n<div id=\"comp-lgnnv8tu\" class=\"KcpHeO tz5f0K comp-lgnnv8tu wixui-rich-text\" data-testid=\"richTextElement\">\n<div class=\"su-gmap su-u-responsive-media-yes\"><iframe loading=\"lazy\" width=\"600\" height=\"400\" src=\"\/\/maps.google.com\/maps?q=Esplanade%20du%20Palais%20de%20Tokyo&amp;output=embed\" title=\"\"><\/iframe><\/div>\n<\/div>\n<\/div>\n<\/div>\n<div class=\"su-divider su-divider-style-dotted\" style=\"margin:15px 0;border-width:6px;border-color:#999999\"><a href=\"#\" style=\"color:#999999\">Aller en haut<\/a><\/div>\n<p><img loading=\"lazy\" decoding=\"async\" class=\"aligncenter size-full wp-image-85\" src=\"https:\/\/i0.wp.com\/parissquash2023.com\/wp-content\/uploads\/2023\/08\/Screenshot-2023-08-08-133951.png?resize=910%2C403&#038;ssl=1\" alt=\"\" width=\"910\" height=\"403\" srcset=\"https:\/\/i0.wp.com\/parissquash2023.com\/wp-content\/uploads\/2023\/08\/Screenshot-2023-08-08-133951.png?w=1682&amp;ssl=1 1682w, https:\/\/i0.wp.com\/parissquash2023.com\/wp-content\/uploads\/2023\/08\/Screenshot-2023-08-08-133951.png?resize=350%2C155&amp;ssl=1 350w, https:\/\/i0.wp.com\/parissquash2023.com\/wp-content\/uploads\/2023\/08\/Screenshot-2023-08-08-133951.png?resize=1200%2C532&amp;ssl=1 1200w, https:\/\/i0.wp.com\/parissquash2023.com\/wp-content\/uploads\/2023\/08\/Screenshot-2023-08-08-133951.png?resize=768%2C340&amp;ssl=1 768w, https:\/\/i0.wp.com\/parissquash2023.com\/wp-content\/uploads\/2023\/08\/Screenshot-2023-08-08-133951.png?resize=1536%2C680&amp;ssl=1 1536w\" sizes=\"auto, (max-width: 910px) 100vw, 910px\" data-recalc-dims=\"1\" \/><\/p>\n","protected":false},"excerpt":{"rendered":"<p>L\u2019association professionnelle de squash (PSA), organise et dirige le squash professionnel masculin et f\u00e9minin dans le monde. Le World Tour et le Challenger tour sont les deux circuits administr\u00e9s par la PSA. Le World Tour concerne les meilleurs joueurs et<\/p>\n","protected":false},"author":1,"featured_media":0,"parent":0,"menu_order":0,"comment_status":"closed","ping_status":"closed","template":"","meta":{"jetpack_post_was_ever_published":false,"footnotes":""},"class_list":["post-111","page","type-page","status-publish","hentry","comments-off"],"_links":{"self":[{"href":"https:\/\/parissquash2023.com\/fr\/wp-json\/wp\/v2\/pages\/111","targetHints":{"allow":["GET"]}}],"collection":[{"href":"https:\/\/parissquash2023.com\/fr\/wp-json\/wp\/v2\/pages"}],"about":[{"href":"https:\/\/parissquash2023.com\/fr\/wp-json\/wp\/v2\/types\/page"}],"author":[{"embeddable":true,"href":"https:\/\/parissquash2023.com\/fr\/wp-json\/wp\/v2\/users\/1"}],"replies":[{"embeddable":true,"href":"https:\/\/parissquash2023.com\/fr\/wp-json\/wp\/v2\/comments?post=111"}],"version-history":[{"count":3,"href":"https:\/\/parissquash2023.com\/fr\/wp-json\/wp\/v2\/pages\/111\/revisions"}],"predecessor-version":[{"id":132,"href":"https:\/\/parissquash2023.com\/fr\/wp-json\/wp\/v2\/pages\/111\/revisions\/132"}],"wp:attachment":[{"href":"https:\/\/parissquash2023.com\/fr\/wp-json\/wp\/v2\/media?parent=111"}],"curies":[{"name":"wp","href":"https:\/\/api.w.org\/{rel}","templated":true}]}}